{"id":17,"date":"2022-12-04T15:16:24","date_gmt":"2022-12-04T15:16:24","guid":{"rendered":"https:\/\/frauenhaus-herne.de\/cms2\/?page_id=17"},"modified":"2023-03-24T10:52:41","modified_gmt":"2023-03-24T10:52:41","slug":"spenden","status":"publish","type":"page","link":"https:\/\/frauenhaus-herne.de\/cms2\/spenden\/","title":{"rendered":"Spenden"},"content":{"rendered":"\t\t<div data-elementor-type=\"wp-page\" data-elementor-id=\"17\" class=\"elementor elementor-17\">\n\t\t\t\t\t\t\t\t\t<section class=\"elementor-section elementor-top-section elementor-element elementor-element-698ff92 elementor-section-boxed elementor-section-height-default elementor-section-height-default\" data-id=\"698ff92\" data-element_type=\"section\">\n\t\t\t\t\t\t<div class=\"elementor-container elementor-column-gap-default\">\n\t\t\t\t\t<div class=\"elementor-column elementor-col-100 elementor-top-column elementor-element elementor-element-6148229\" data-id=\"6148229\" data-element_type=\"column\">\n\t\t\t<div class=\"elementor-widget-wrap elementor-element-populated\">\n\t\t\t\t\t\t\t\t<div class=\"elementor-element elementor-element-e1c089d elementor-widget elementor-widget-heading\" data-id=\"e1c089d\" data-element_type=\"widget\" data-widget_type=\"heading.default\">\n\t\t\t\t<div class=\"elementor-widget-container\">\n\t\t\t<style>\/*! elementor - v3.16.0 - 17-10-2023 *\/\n.elementor-heading-title{padding:0;margin:0;line-height:1}.elementor-widget-heading .elementor-heading-title[class*=elementor-size-]>a{color:inherit;font-size:inherit;line-height:inherit}.elementor-widget-heading .elementor-heading-title.elementor-size-small{font-size:15px}.elementor-widget-heading .elementor-heading-title.elementor-size-medium{font-size:19px}.elementor-widget-heading .elementor-heading-title.elementor-size-large{font-size:29px}.elementor-widget-heading .elementor-heading-title.elementor-size-xl{font-size:39px}.elementor-widget-heading .elementor-heading-title.elementor-size-xxl{font-size:59px}<\/style><h1 class=\"elementor-heading-title elementor-size-default\">Sie finden die Arbeit des Frauenhauses wichtig?<\/h1>\t\t<\/div>\n\t\t\t\t<\/div>\n\t\t\t\t<div class=\"elementor-element elementor-element-4ebdd25 elementor-widget elementor-widget-heading\" data-id=\"4ebdd25\" data-element_type=\"widget\" data-widget_type=\"heading.default\">\n\t\t\t\t<div class=\"elementor-widget-container\">\n\t\t\t<h2 class=\"elementor-heading-title elementor-size-default\">Spenden Sie!<\/h2>\t\t<\/div>\n\t\t\t\t<\/div>\n\t\t\t\t<div class=\"elementor-element elementor-element-dd05b17 elementor-widget elementor-widget-text-editor\" data-id=\"dd05b17\" data-element_type=\"widget\" data-widget_type=\"text-editor.default\">\n\t\t\t\t<div class=\"elementor-widget-container\">\n\t\t\t<style>\/*! elementor - v3.16.0 - 17-10-2023 *\/\n.elementor-widget-text-editor.elementor-drop-cap-view-stacked .elementor-drop-cap{background-color:#69727d;color:#fff}.elementor-widget-text-editor.elementor-drop-cap-view-framed .elementor-drop-cap{color:#69727d;border:3px solid;background-color:transparent}.elementor-widget-text-editor:not(.elementor-drop-cap-view-default) .elementor-drop-cap{margin-top:8px}.elementor-widget-text-editor:not(.elementor-drop-cap-view-default) .elementor-drop-cap-letter{width:1em;height:1em}.elementor-widget-text-editor .elementor-drop-cap{float:left;text-align:center;line-height:1;font-size:50px}.elementor-widget-text-editor .elementor-drop-cap-letter{display:inline-block}<\/style>\t\t\t\t<p>Wir freuen uns \u00fcber jeden Spendenbetrag.<br \/>Alle Spenden sind steuerabzugsf\u00e4hig. F\u00fcr Betr\u00e4ge bis zu 300,00 \u20ac gen\u00fcgen der Einzahlungsbeleg oder der Kontoauszug als Spendenquittung. Wir stellen aber auch gerne Spendenbescheinigungen aus, bitte geben Sie hierf\u00fcr Ihre Adresse an. Selbstverst\u00e4ndlich sind auch anonyme Spenden m\u00f6glich.<\/p><p>F\u00fcr den Betrieb des Frauenhauses und f\u00fcr unsere\u00a0Personalkosten erhalten wir Zusch\u00fcsse von der Stadt Herne und dem Land NRW. Damit sind jedoch bei weitem nicht alle Kosten gedeckt. Der Verein muss einen erheblichen Eigenanteil selbst aufbringen.<br \/>F\u00fcr den Fortbestand unseres Frauenhauses sind wir dringend auf Spenden angewiesen.<br \/>Unabh\u00e4ngig davon, wie viel Sie spenden \u2013 jeder Beitrag ist wichtig.<br \/>Es gibt viele M\u00f6glichkeiten, Spenden f\u00fcr uns zu sammeln. Haben Sie Ideen? Dann rufen Sie uns an.<br \/>Ihre Spende kommt auf jeden Fall an und schafft Chancen auf eine gewaltfreie Zukunft f\u00fcr Frauen und Kinder.<\/p>\t\t\t\t\t\t<\/div>\n\t\t\t\t<\/div>\n\t\t\t\t\t<\/div>\n\t\t<\/div>\n\t\t\t\t\t\t\t<\/div>\n\t\t<\/section>\n\t\t\t\t<section class=\"elementor-section elementor-top-section elementor-element elementor-element-d6b8e11 elementor-section-boxed elementor-section-height-default elementor-section-height-default\" data-id=\"d6b8e11\" data-element_type=\"section\" data-settings=\"{&quot;background_background&quot;:&quot;classic&quot;}\">\n\t\t\t\t\t\t<div class=\"elementor-container elementor-column-gap-default\">\n\t\t\t\t\t<div class=\"elementor-column elementor-col-100 elementor-top-column elementor-element elementor-element-cc41237\" data-id=\"cc41237\" data-element_type=\"column\">\n\t\t\t<div class=\"elementor-widget-wrap elementor-element-populated\">\n\t\t\t\t\t\t\t\t<div class=\"elementor-element elementor-element-5596869 elementor-view-default elementor-widget elementor-widget-icon\" data-id=\"5596869\" data-element_type=\"widget\" data-widget_type=\"icon.default\">\n\t\t\t\t<div class=\"elementor-widget-container\">\n\t\t\t\t\t<div class=\"elementor-icon-wrapper\">\n\t\t\t<div class=\"elementor-icon\">\n\t\t\t<i aria-hidden=\"true\" class=\"fas fa-money-bill-wave\"><\/i>\t\t\t<\/div>\n\t\t<\/div>\n\t\t\t\t<\/div>\n\t\t\t\t<\/div>\n\t\t\t\t<div class=\"elementor-element elementor-element-26bed57 elementor-widget elementor-widget-heading\" data-id=\"26bed57\" data-element_type=\"widget\" data-widget_type=\"heading.default\">\n\t\t\t\t<div class=\"elementor-widget-container\">\n\t\t\t<h2 class=\"elementor-heading-title elementor-size-default\">Unser Spendenkonto:<\/h2>\t\t<\/div>\n\t\t\t\t<\/div>\n\t\t\t\t<div class=\"elementor-element elementor-element-0b05318 elementor-widget elementor-widget-text-editor\" data-id=\"0b05318\" data-element_type=\"widget\" data-widget_type=\"text-editor.default\">\n\t\t\t\t<div class=\"elementor-widget-container\">\n\t\t\t\t\t\t\t<p>Verein zur F\u00f6rderung des Frauenhauses Herne e.V.<\/p><p>Herner Sparkasse<\/p><p>IBAN\u00a0 DE70 4325 0030 0045 0097 84<br \/>BIC\u00a0\u00a0WELADED 1HRN<\/p>\t\t\t\t\t\t<\/div>\n\t\t\t\t<\/div>\n\t\t\t\t\t<\/div>\n\t\t<\/div>\n\t\t\t\t\t\t\t<\/div>\n\t\t<\/section>\n\t\t\t\t<section class=\"elementor-section elementor-top-section elementor-element elementor-element-bef50b2 elementor-section-boxed elementor-section-height-default elementor-section-height-default\" data-id=\"bef50b2\" data-element_type=\"section\">\n\t\t\t\t\t\t<div class=\"elementor-container elementor-column-gap-default\">\n\t\t\t\t\t<div class=\"elementor-column elementor-col-100 elementor-top-column elementor-element elementor-element-4af49d6\" data-id=\"4af49d6\" data-element_type=\"column\">\n\t\t\t<div class=\"elementor-widget-wrap elementor-element-populated\">\n\t\t\t\t\t\t\t\t<div class=\"elementor-element elementor-element-ea3b323 elementor-widget elementor-widget-heading\" data-id=\"ea3b323\" data-element_type=\"widget\" data-widget_type=\"heading.default\">\n\t\t\t\t<div class=\"elementor-widget-container\">\n\t\t\t<h1 class=\"elementor-heading-title elementor-size-default\">Mehr als ein Dach \u00fcber dem Kopf<\/h1>\t\t<\/div>\n\t\t\t\t<\/div>\n\t\t\t\t\t<\/div>\n\t\t<\/div>\n\t\t\t\t\t\t\t<\/div>\n\t\t<\/section>\n\t\t\t\t\t\t\t<\/div>\n\t\t","protected":false},"excerpt":{"rendered":"<p>Sie finden die Arbeit des Frauenhauses wichtig? Spenden Sie! Wir freuen uns \u00fcber jeden Spendenbetrag.Alle Spenden sind steuerabzugsf\u00e4hig. F\u00fcr Betr\u00e4ge bis zu 300,00 \u20ac gen\u00fcgen der Einzahlungsbeleg oder der Kontoauszug als Spendenquittung. Wir stellen aber auch gerne Spendenbescheinigungen aus, bitte geben Sie hierf\u00fcr Ihre Adresse an. Selbstverst\u00e4ndlich sind auch anonyme Spenden m\u00f6glich. F\u00fcr den Betrieb [&hellip;]<\/p>\n","protected":false},"author":2,"featured_media":0,"parent":0,"menu_order":0,"comment_status":"closed","ping_status":"closed","template":"","meta":{"footnotes":""},"_links":{"self":[{"href":"https:\/\/frauenhaus-herne.de\/cms2\/wp-json\/wp\/v2\/pages\/17"}],"collection":[{"href":"https:\/\/frauenhaus-herne.de\/cms2\/wp-json\/wp\/v2\/pages"}],"about":[{"href":"https:\/\/frauenhaus-herne.de\/cms2\/wp-json\/wp\/v2\/types\/page"}],"author":[{"embeddable":true,"href":"https:\/\/frauenhaus-herne.de\/cms2\/wp-json\/wp\/v2\/users\/2"}],"replies":[{"embeddable":true,"href":"https:\/\/frauenhaus-herne.de\/cms2\/wp-json\/wp\/v2\/comments?post=17"}],"version-history":[{"count":31,"href":"https:\/\/frauenhaus-herne.de\/cms2\/wp-json\/wp\/v2\/pages\/17\/revisions"}],"predecessor-version":[{"id":1325,"href":"https:\/\/frauenhaus-herne.de\/cms2\/wp-json\/wp\/v2\/pages\/17\/revisions\/1325"}],"wp:attachment":[{"href":"https:\/\/frauenhaus-herne.de\/cms2\/wp-json\/wp\/v2\/media?parent=17"}],"curies":[{"name":"wp","href":"https:\/\/api.w.org\/{rel}","templated":true}]}}