{"id":295,"date":"2022-12-05T13:37:13","date_gmt":"2022-12-05T13:37:13","guid":{"rendered":"https:\/\/frauenhaus-herne.de\/cms2\/?page_id=295"},"modified":"2023-03-26T19:35:05","modified_gmt":"2023-03-26T19:35:05","slug":"kinderschutz-2","status":"publish","type":"page","link":"https:\/\/frauenhaus-herne.de\/cms2\/frauenhaus\/kinderschutz-2\/","title":{"rendered":"Kinder"},"content":{"rendered":"\t\t<div data-elementor-type=\"wp-page\" data-elementor-id=\"295\" class=\"elementor elementor-295\">\n\t\t\t\t\t\t\t\t\t<section class=\"elementor-section elementor-top-section elementor-element elementor-element-8de68b9 elementor-section-boxed elementor-section-height-default elementor-section-height-default\" data-id=\"8de68b9\" data-element_type=\"section\">\n\t\t\t\t\t\t<div class=\"elementor-container elementor-column-gap-default\">\n\t\t\t\t\t<div class=\"elementor-column elementor-col-100 elementor-top-column elementor-element elementor-element-6fafeb5\" data-id=\"6fafeb5\" data-element_type=\"column\">\n\t\t\t<div class=\"elementor-widget-wrap elementor-element-populated\">\n\t\t\t\t\t\t\t\t<div class=\"elementor-element elementor-element-718edf5 elementor-widget elementor-widget-heading\" data-id=\"718edf5\" data-element_type=\"widget\" data-widget_type=\"heading.default\">\n\t\t\t\t<div class=\"elementor-widget-container\">\n\t\t\t<style>\/*! elementor - v3.16.0 - 17-10-2023 *\/\n.elementor-heading-title{padding:0;margin:0;line-height:1}.elementor-widget-heading .elementor-heading-title[class*=elementor-size-]>a{color:inherit;font-size:inherit;line-height:inherit}.elementor-widget-heading .elementor-heading-title.elementor-size-small{font-size:15px}.elementor-widget-heading .elementor-heading-title.elementor-size-medium{font-size:19px}.elementor-widget-heading .elementor-heading-title.elementor-size-large{font-size:29px}.elementor-widget-heading .elementor-heading-title.elementor-size-xl{font-size:39px}.elementor-widget-heading .elementor-heading-title.elementor-size-xxl{font-size:59px}<\/style><h1 class=\"elementor-heading-title elementor-size-default\">Wenn der Papa die Mama haut<\/h1>\t\t<\/div>\n\t\t\t\t<\/div>\n\t\t\t\t<div class=\"elementor-element elementor-element-f6627b7 elementor-widget elementor-widget-text-editor\" data-id=\"f6627b7\" data-element_type=\"widget\" data-widget_type=\"text-editor.default\">\n\t\t\t\t<div class=\"elementor-widget-container\">\n\t\t\t<style>\/*! elementor - v3.16.0 - 17-10-2023 *\/\n.elementor-widget-text-editor.elementor-drop-cap-view-stacked .elementor-drop-cap{background-color:#69727d;color:#fff}.elementor-widget-text-editor.elementor-drop-cap-view-framed .elementor-drop-cap{color:#69727d;border:3px solid;background-color:transparent}.elementor-widget-text-editor:not(.elementor-drop-cap-view-default) .elementor-drop-cap{margin-top:8px}.elementor-widget-text-editor:not(.elementor-drop-cap-view-default) .elementor-drop-cap-letter{width:1em;height:1em}.elementor-widget-text-editor .elementor-drop-cap{float:left;text-align:center;line-height:1;font-size:50px}.elementor-widget-text-editor .elementor-drop-cap-letter{display:inline-block}<\/style>\t\t\t\t<p><span style=\"font-family: Arial, serif;\">Kennst du das auch?<\/span><\/p><p><span style=\"font-family: Arial, serif;\">Hast du Angst, wenn der Papa nach Hause kommt?<\/span><\/p><p><span style=\"font-family: Arial, serif;\">Schreit, beleidigt oder schl\u00e4gt er deine Mama? <\/span><\/p><p><span style=\"font-family: Arial, serif;\">Dann solltest du wissen: Gewalt ist nie ok!<\/span><\/p><p><span style=\"font-family: Arial, serif;\">Vielleicht passiert das nicht nur deiner Mama, sondern auch dir? <\/span><\/p><p><span style=\"font-family: Arial, serif;\">Du wei\u00dft nicht, wie du deiner Mama oder dir helfen kannst?<\/span><\/p><p><span style=\"font-family: Arial, serif;\">Dann hol dir bitte Hilfe!<\/span><\/p>\t\t\t\t\t\t<\/div>\n\t\t\t\t<\/div>\n\t\t\t\t\t<\/div>\n\t\t<\/div>\n\t\t\t\t\t\t\t<\/div>\n\t\t<\/section>\n\t\t\t\t<section class=\"elementor-section elementor-top-section elementor-element elementor-element-d920a35 elementor-section-boxed elementor-section-height-default elementor-section-height-default\" data-id=\"d920a35\" data-element_type=\"section\">\n\t\t\t\t\t\t<div class=\"elementor-container elementor-column-gap-default\">\n\t\t\t\t\t<div class=\"elementor-column elementor-col-100 elementor-top-column elementor-element elementor-element-c29c22f\" data-id=\"c29c22f\" data-element_type=\"column\">\n\t\t\t<div class=\"elementor-widget-wrap elementor-element-populated\">\n\t\t\t\t\t\t\t\t<div class=\"elementor-element elementor-element-dc1278d elementor-widget elementor-widget-heading\" data-id=\"dc1278d\" data-element_type=\"widget\" data-widget_type=\"heading.default\">\n\t\t\t\t<div class=\"elementor-widget-container\">\n\t\t\t<h1 class=\"elementor-heading-title elementor-size-default\">Hier kannst du dich informieren und Hilfe holen:<\/h1>\t\t<\/div>\n\t\t\t\t<\/div>\n\t\t\t\t\t<\/div>\n\t\t<\/div>\n\t\t\t\t\t\t\t<\/div>\n\t\t<\/section>\n\t\t\t\t<section class=\"elementor-section elementor-top-section elementor-element elementor-element-f8b4b63 elementor-section-boxed elementor-section-height-default elementor-section-height-default\" data-id=\"f8b4b63\" data-element_type=\"section\">\n\t\t\t\t\t\t<div class=\"elementor-container elementor-column-gap-default\">\n\t\t\t\t\t<div class=\"elementor-column elementor-col-50 elementor-top-column elementor-element elementor-element-5201d8e\" data-id=\"5201d8e\" data-element_type=\"column\">\n\t\t\t<div class=\"elementor-widget-wrap elementor-element-populated\">\n\t\t\t\t\t\t\t\t<div class=\"elementor-element elementor-element-e204515 elementor-widget elementor-widget-image\" data-id=\"e204515\" data-element_type=\"widget\" data-widget_type=\"image.default\">\n\t\t\t\t<div class=\"elementor-widget-container\">\n\t\t\t<style>\/*! elementor - v3.16.0 - 17-10-2023 *\/\n.elementor-widget-image{text-align:center}.elementor-widget-image a{display:inline-block}.elementor-widget-image a img[src$=\".svg\"]{width:48px}.elementor-widget-image img{vertical-align:middle;display:inline-block}<\/style>\t\t\t\t\t\t\t\t\t\t\t\t\t<a href=\"https:\/\/www.kidsinfo-gewalt.de\/de\" target=\"_blank\">\n\t\t\t\t\t\t\t<img loading=\"lazy\" decoding=\"async\" width=\"150\" height=\"150\" src=\"https:\/\/frauenhaus-herne.de\/cms2\/wp-content\/uploads\/2022\/12\/kidsinfo-150x150.jpg\" class=\"attachment-thumbnail size-thumbnail wp-image-304\" alt=\"kidsinfo\" srcset=\"https:\/\/frauenhaus-herne.de\/cms2\/wp-content\/uploads\/2022\/12\/kidsinfo-150x150.jpg 150w, https:\/\/frauenhaus-herne.de\/cms2\/wp-content\/uploads\/2022\/12\/kidsinfo-600x600.jpg 600w\" sizes=\"(max-width: 150px) 100vw, 150px\" \/>\t\t\t\t\t\t\t\t<\/a>\n\t\t\t\t\t\t\t\t\t\t\t\t\t\t\t<\/div>\n\t\t\t\t<\/div>\n\t\t\t\t<div class=\"elementor-element elementor-element-55533dd elementor-align-center elementor-widget elementor-widget-button\" data-id=\"55533dd\" data-element_type=\"widget\" data-widget_type=\"button.default\">\n\t\t\t\t<div class=\"elementor-widget-container\">\n\t\t\t\t\t<div class=\"elementor-button-wrapper\">\n\t\t\t<a class=\"elementor-button elementor-button-link elementor-size-sm\" href=\"https:\/\/www.kidsinfo-gewalt.de\/de\" target=\"_blank\">\n\t\t\t\t\t\t<span class=\"elementor-button-content-wrapper\">\n\t\t\t\t\t\t<span class=\"elementor-button-text\">kidsinfo-gewalt.de<\/span>\n\t\t<\/span>\n\t\t\t\t\t<\/a>\n\t\t<\/div>\n\t\t\t\t<\/div>\n\t\t\t\t<\/div>\n\t\t\t\t\t<\/div>\n\t\t<\/div>\n\t\t\t\t<div class=\"elementor-column elementor-col-50 elementor-top-column elementor-element elementor-element-0cb57c4\" data-id=\"0cb57c4\" data-element_type=\"column\">\n\t\t\t<div class=\"elementor-widget-wrap elementor-element-populated\">\n\t\t\t\t\t\t\t\t<div class=\"elementor-element elementor-element-b7e835d elementor-widget elementor-widget-image\" data-id=\"b7e835d\" data-element_type=\"widget\" data-widget_type=\"image.default\">\n\t\t\t\t<div class=\"elementor-widget-container\">\n\t\t\t\t\t\t\t\t\t\t\t\t\t\t\t\t<a href=\"http:\/\/frauenhaus-herne.de\/cms2\/wp-content\/uploads\/2023\/02\/Wenn_der_Papa_die_Mama_haut.pdf\" target=\"_blank\">\n\t\t\t\t\t\t\t<img loading=\"lazy\" decoding=\"async\" width=\"150\" height=\"150\" src=\"https:\/\/frauenhaus-herne.de\/cms2\/wp-content\/uploads\/2023\/02\/wenn-der-papa-die-mama-haut-1.jpg\" class=\"attachment-medium size-medium wp-image-684\" alt=\"\" \/>\t\t\t\t\t\t\t\t<\/a>\n\t\t\t\t\t\t\t\t\t\t\t\t\t\t\t<\/div>\n\t\t\t\t<\/div>\n\t\t\t\t<div class=\"elementor-element elementor-element-35440f5 elementor-align-center elementor-widget elementor-widget-button\" data-id=\"35440f5\" data-element_type=\"widget\" data-widget_type=\"button.default\">\n\t\t\t\t<div class=\"elementor-widget-container\">\n\t\t\t\t\t<div class=\"elementor-button-wrapper\">\n\t\t\t<a class=\"elementor-button elementor-button-link elementor-size-sm\" href=\"http:\/\/frauenhaus-herne.de\/cms2\/wp-content\/uploads\/2023\/02\/Wenn_der_Papa_die_Mama_haut.pdf\" target=\"_blank\">\n\t\t\t\t\t\t<span class=\"elementor-button-content-wrapper\">\n\t\t\t\t\t\t<span class=\"elementor-button-text\">Infobrosch\u00fcre<\/span>\n\t\t<\/span>\n\t\t\t\t\t<\/a>\n\t\t<\/div>\n\t\t\t\t<\/div>\n\t\t\t\t<\/div>\n\t\t\t\t\t<\/div>\n\t\t<\/div>\n\t\t\t\t\t\t\t<\/div>\n\t\t<\/section>\n\t\t\t\t<section class=\"elementor-section elementor-top-section elementor-element elementor-element-ba3a4f5 animated-slow elementor-section-boxed elementor-section-height-default elementor-section-height-default\" data-id=\"ba3a4f5\" data-element_type=\"section\" data-settings=\"{&quot;background_background&quot;:&quot;classic&quot;,&quot;animation&quot;:&quot;none&quot;}\">\n\t\t\t\t\t\t<div class=\"elementor-container elementor-column-gap-default\">\n\t\t\t\t\t<div class=\"elementor-column elementor-col-100 elementor-top-column elementor-element elementor-element-204ea0b\" data-id=\"204ea0b\" data-element_type=\"column\">\n\t\t\t<div class=\"elementor-widget-wrap elementor-element-populated\">\n\t\t\t\t\t\t\t\t<div class=\"elementor-element elementor-element-2bf8b96 elementor-view-default elementor-widget elementor-widget-icon\" data-id=\"2bf8b96\" data-element_type=\"widget\" data-widget_type=\"icon.default\">\n\t\t\t\t<div class=\"elementor-widget-container\">\n\t\t\t\t\t<div class=\"elementor-icon-wrapper\">\n\t\t\t<div class=\"elementor-icon\">\n\t\t\t<i aria-hidden=\"true\" class=\"fas fa-phone-volume\"><\/i>\t\t\t<\/div>\n\t\t<\/div>\n\t\t\t\t<\/div>\n\t\t\t\t<\/div>\n\t\t\t\t<div class=\"elementor-element elementor-element-ca314d2 elementor-widget elementor-widget-heading\" data-id=\"ca314d2\" data-element_type=\"widget\" data-widget_type=\"heading.default\">\n\t\t\t\t<div class=\"elementor-widget-container\">\n\t\t\t<h3 class=\"elementor-heading-title elementor-size-default\">Nummer gegen Kummer: 0800\/8001110333<\/h3>\t\t<\/div>\n\t\t\t\t<\/div>\n\t\t\t\t<div class=\"elementor-element elementor-element-be47879 elementor-widget elementor-widget-heading\" data-id=\"be47879\" data-element_type=\"widget\" data-widget_type=\"heading.default\">\n\t\t\t\t<div class=\"elementor-widget-container\">\n\t\t\t<h3 class=\"elementor-heading-title elementor-size-default\">Montags bis Freitags von 15.00 bis 19.00 Uhr<\/h3>\t\t<\/div>\n\t\t\t\t<\/div>\n\t\t\t\t<div class=\"elementor-element elementor-element-e224671 elementor-widget elementor-widget-text-editor\" data-id=\"e224671\" data-element_type=\"widget\" data-widget_type=\"text-editor.default\">\n\t\t\t\t<div class=\"elementor-widget-container\">\n\t\t\t\t\t\t\t<p>Nummer gegen Kummer e. V. ist die Dachorganisation des gr\u00f6\u00dften, kostenfreien, telefonischen Beratungsangebotes f\u00fcr Kinder, Jugendliche und Eltern in Deutschland.<\/p>\t\t\t\t\t\t<\/div>\n\t\t\t\t<\/div>\n\t\t\t\t\t<\/div>\n\t\t<\/div>\n\t\t\t\t\t\t\t<\/div>\n\t\t<\/section>\n\t\t\t\t<section class=\"elementor-section elementor-top-section elementor-element elementor-element-8b84429 elementor-section-boxed elementor-section-height-default elementor-section-height-default\" data-id=\"8b84429\" data-element_type=\"section\">\n\t\t\t\t\t\t<div class=\"elementor-container elementor-column-gap-default\">\n\t\t\t\t\t<div class=\"elementor-column elementor-col-100 elementor-top-column elementor-element elementor-element-67ee5eb\" data-id=\"67ee5eb\" data-element_type=\"column\">\n\t\t\t<div class=\"elementor-widget-wrap elementor-element-populated\">\n\t\t\t\t\t\t\t\t<div class=\"elementor-element elementor-element-4eb8eb4 elementor-widget elementor-widget-heading\" data-id=\"4eb8eb4\" data-element_type=\"widget\" data-widget_type=\"heading.default\">\n\t\t\t\t<div class=\"elementor-widget-container\">\n\t\t\t<h1 class=\"elementor-heading-title elementor-size-default\">Mehr als ein Dach \u00fcber dem Kopf<\/h1>\t\t<\/div>\n\t\t\t\t<\/div>\n\t\t\t\t\t<\/div>\n\t\t<\/div>\n\t\t\t\t\t\t\t<\/div>\n\t\t<\/section>\n\t\t\t\t\t\t\t<\/div>\n\t\t","protected":false},"excerpt":{"rendered":"<p>Wenn der Papa die Mama haut Kennst du das auch? Hast du Angst, wenn der Papa nach Hause kommt? Schreit, beleidigt oder schl\u00e4gt er deine Mama? Dann solltest du wissen: Gewalt ist nie ok! Vielleicht passiert das nicht nur deiner Mama, sondern auch dir? Du wei\u00dft nicht, wie du deiner Mama oder dir helfen kannst? [&hellip;]<\/p>\n","protected":false},"author":2,"featured_media":0,"parent":12,"menu_order":0,"comment_status":"closed","ping_status":"closed","template":"","meta":{"footnotes":""},"_links":{"self":[{"href":"https:\/\/frauenhaus-herne.de\/cms2\/wp-json\/wp\/v2\/pages\/295"}],"collection":[{"href":"https:\/\/frauenhaus-herne.de\/cms2\/wp-json\/wp\/v2\/pages"}],"about":[{"href":"https:\/\/frauenhaus-herne.de\/cms2\/wp-json\/wp\/v2\/types\/page"}],"author":[{"embeddable":true,"href":"https:\/\/frauenhaus-herne.de\/cms2\/wp-json\/wp\/v2\/users\/2"}],"replies":[{"embeddable":true,"href":"https:\/\/frauenhaus-herne.de\/cms2\/wp-json\/wp\/v2\/comments?post=295"}],"version-history":[{"count":47,"href":"https:\/\/frauenhaus-herne.de\/cms2\/wp-json\/wp\/v2\/pages\/295\/revisions"}],"predecessor-version":[{"id":1387,"href":"https:\/\/frauenhaus-herne.de\/cms2\/wp-json\/wp\/v2\/pages\/295\/revisions\/1387"}],"up":[{"embeddable":true,"href":"https:\/\/frauenhaus-herne.de\/cms2\/wp-json\/wp\/v2\/pages\/12"}],"wp:attachment":[{"href":"https:\/\/frauenhaus-herne.de\/cms2\/wp-json\/wp\/v2\/media?parent=295"}],"curies":[{"name":"wp","href":"https:\/\/api.w.org\/{rel}","templated":true}]}}