{"id":388,"date":"2022-12-05T20:52:45","date_gmt":"2022-12-05T20:52:45","guid":{"rendered":"https:\/\/frauenhaus-herne.de\/cms2\/?page_id=388"},"modified":"2023-03-24T10:14:13","modified_gmt":"2023-03-24T10:14:13","slug":"team","status":"publish","type":"page","link":"https:\/\/frauenhaus-herne.de\/cms2\/team\/","title":{"rendered":"Team"},"content":{"rendered":"\t\t<div data-elementor-type=\"wp-page\" data-elementor-id=\"388\" class=\"elementor elementor-388\">\n\t\t\t\t\t\t\t\t\t<section class=\"elementor-section elementor-top-section elementor-element elementor-element-631af41 elementor-section-boxed elementor-section-height-default elementor-section-height-default\" data-id=\"631af41\" data-element_type=\"section\">\n\t\t\t\t\t\t<div class=\"elementor-container elementor-column-gap-default\">\n\t\t\t\t\t<div class=\"elementor-column elementor-col-100 elementor-top-column elementor-element elementor-element-b10605c\" data-id=\"b10605c\" data-element_type=\"column\">\n\t\t\t<div class=\"elementor-widget-wrap elementor-element-populated\">\n\t\t\t\t\t\t\t\t<div class=\"elementor-element elementor-element-eb687e7 elementor-widget elementor-widget-heading\" data-id=\"eb687e7\" data-element_type=\"widget\" data-widget_type=\"heading.default\">\n\t\t\t\t<div class=\"elementor-widget-container\">\n\t\t\t<style>\/*! elementor - v3.16.0 - 17-10-2023 *\/\n.elementor-heading-title{padding:0;margin:0;line-height:1}.elementor-widget-heading .elementor-heading-title[class*=elementor-size-]>a{color:inherit;font-size:inherit;line-height:inherit}.elementor-widget-heading .elementor-heading-title.elementor-size-small{font-size:15px}.elementor-widget-heading .elementor-heading-title.elementor-size-medium{font-size:19px}.elementor-widget-heading .elementor-heading-title.elementor-size-large{font-size:29px}.elementor-widget-heading .elementor-heading-title.elementor-size-xl{font-size:39px}.elementor-widget-heading .elementor-heading-title.elementor-size-xxl{font-size:59px}<\/style><h1 class=\"elementor-heading-title elementor-size-default\">Unser Team<\/h1>\t\t<\/div>\n\t\t\t\t<\/div>\n\t\t\t\t<div class=\"elementor-element elementor-element-60ee7f0 elementor-widget elementor-widget-text-editor\" data-id=\"60ee7f0\" data-element_type=\"widget\" data-widget_type=\"text-editor.default\">\n\t\t\t\t<div class=\"elementor-widget-container\">\n\t\t\t<style>\/*! elementor - v3.16.0 - 17-10-2023 *\/\n.elementor-widget-text-editor.elementor-drop-cap-view-stacked .elementor-drop-cap{background-color:#69727d;color:#fff}.elementor-widget-text-editor.elementor-drop-cap-view-framed .elementor-drop-cap{color:#69727d;border:3px solid;background-color:transparent}.elementor-widget-text-editor:not(.elementor-drop-cap-view-default) .elementor-drop-cap{margin-top:8px}.elementor-widget-text-editor:not(.elementor-drop-cap-view-default) .elementor-drop-cap-letter{width:1em;height:1em}.elementor-widget-text-editor .elementor-drop-cap{float:left;text-align:center;line-height:1;font-size:50px}.elementor-widget-text-editor .elementor-drop-cap-letter{display:inline-block}<\/style>\t\t\t\t<p>7 Fachkr\u00e4fte teilen sich 5 Stellen in Vollzeit &#8211; und Teilzeit. Wir verf\u00fcgen \u00fcber unterschiedliche Ausbildungen in P\u00e4dagogik, Sozialp\u00e4dagogik, Soziale Arbeit und Hauswirtschaft. Regelm\u00e4\u00dfige Fort &#8211; und Weiterbildungen sind f\u00fcr uns selbstverst\u00e4ndlich.<\/p><p>Wir sprechen T\u00fcrkisch, Russisch, Englisch und Franz\u00f6sisch.<\/p>\t\t\t\t\t\t<\/div>\n\t\t\t\t<\/div>\n\t\t\t\t\t<\/div>\n\t\t<\/div>\n\t\t\t\t\t\t\t<\/div>\n\t\t<\/section>\n\t\t\t\t<section class=\"elementor-section elementor-top-section elementor-element elementor-element-caaf4ad elementor-section-boxed elementor-section-height-default elementor-section-height-default\" data-id=\"caaf4ad\" data-element_type=\"section\">\n\t\t\t\t\t\t<div class=\"elementor-container elementor-column-gap-default\">\n\t\t\t\t\t<div class=\"elementor-column elementor-col-100 elementor-top-column elementor-element elementor-element-c8820ae\" data-id=\"c8820ae\" data-element_type=\"column\">\n\t\t\t<div class=\"elementor-widget-wrap elementor-element-populated\">\n\t\t\t\t\t\t\t\t<div class=\"elementor-element elementor-element-20bd5c4 elementor-widget elementor-widget-heading\" data-id=\"20bd5c4\" data-element_type=\"widget\" data-widget_type=\"heading.default\">\n\t\t\t\t<div class=\"elementor-widget-container\">\n\t\t\t<h1 class=\"elementor-heading-title elementor-size-default\">Mehr als ein Dach \u00fcber dem Kopf<\/h1>\t\t<\/div>\n\t\t\t\t<\/div>\n\t\t\t\t\t<\/div>\n\t\t<\/div>\n\t\t\t\t\t\t\t<\/div>\n\t\t<\/section>\n\t\t\t\t\t\t\t<\/div>\n\t\t","protected":false},"excerpt":{"rendered":"<p>Unser Team 7 Fachkr\u00e4fte teilen sich 5 Stellen in Vollzeit &#8211; und Teilzeit. Wir verf\u00fcgen \u00fcber unterschiedliche Ausbildungen in P\u00e4dagogik, Sozialp\u00e4dagogik, Soziale Arbeit und Hauswirtschaft. Regelm\u00e4\u00dfige Fort &#8211; und Weiterbildungen sind f\u00fcr uns selbstverst\u00e4ndlich. Wir sprechen T\u00fcrkisch, Russisch, Englisch und Franz\u00f6sisch. Mehr als ein Dach \u00fcber dem Kopf<\/p>\n","protected":false},"author":2,"featured_media":0,"parent":0,"menu_order":0,"comment_status":"closed","ping_status":"closed","template":"","meta":{"footnotes":""},"_links":{"self":[{"href":"https:\/\/frauenhaus-herne.de\/cms2\/wp-json\/wp\/v2\/pages\/388"}],"collection":[{"href":"https:\/\/frauenhaus-herne.de\/cms2\/wp-json\/wp\/v2\/pages"}],"about":[{"href":"https:\/\/frauenhaus-herne.de\/cms2\/wp-json\/wp\/v2\/types\/page"}],"author":[{"embeddable":true,"href":"https:\/\/frauenhaus-herne.de\/cms2\/wp-json\/wp\/v2\/users\/2"}],"replies":[{"embeddable":true,"href":"https:\/\/frauenhaus-herne.de\/cms2\/wp-json\/wp\/v2\/comments?post=388"}],"version-history":[{"count":19,"href":"https:\/\/frauenhaus-herne.de\/cms2\/wp-json\/wp\/v2\/pages\/388\/revisions"}],"predecessor-version":[{"id":1280,"href":"https:\/\/frauenhaus-herne.de\/cms2\/wp-json\/wp\/v2\/pages\/388\/revisions\/1280"}],"wp:attachment":[{"href":"https:\/\/frauenhaus-herne.de\/cms2\/wp-json\/wp\/v2\/media?parent=388"}],"curies":[{"name":"wp","href":"https:\/\/api.w.org\/{rel}","templated":true}]}}